{"id":235,"date":"2022-12-12T20:01:55","date_gmt":"2022-12-12T20:01:55","guid":{"rendered":"https:\/\/iamvaluablebook.com\/?page_id=235"},"modified":"2025-06-21T21:03:50","modified_gmt":"2025-06-21T21:03:50","slug":"about-the-author","status":"publish","type":"page","link":"https:\/\/iamvaluablebook.com\/de\/about-the-author\/","title":{"rendered":"\u00dcber die Autorin"},"content":{"rendered":"<div data-elementor-type=\"wp-page\" data-elementor-id=\"235\" class=\"elementor elementor-235\" data-elementor-post-type=\"page\">\n\t\t\t\t\t\t<section class=\"elementor-section elementor-top-section elementor-element elementor-element-9890319 elementor-section-stretched elementor-section-boxed elementor-section-height-default elementor-section-height-default\" data-id=\"9890319\" data-element_type=\"section\" data-settings=\"{&quot;background_background&quot;:&quot;gradient&quot;,&quot;stretch_section&quot;:&quot;section-stretched&quot;}\">\n\t\t\t\t\t\t<div class=\"elementor-container elementor-column-gap-default\">\n\t\t\t\t\t<div class=\"elementor-column elementor-col-100 elementor-top-column elementor-element elementor-element-59e27dd\" data-id=\"59e27dd\" data-element_type=\"column\">\n\t\t\t<div class=\"elementor-widget-wrap elementor-element-populated\">\n\t\t\t\t\t\t<div class=\"elementor-element elementor-element-ce3393a elementor-widget elementor-widget-heading\" data-id=\"ce3393a\" data-element_type=\"widget\" data-widget_type=\"heading.default\">\n\t\t\t\t<div class=\"elementor-widget-container\">\n\t\t\t\t\t<h2 class=\"elementor-heading-title elementor-size-default\">Ein Wort der Autorin<\/h2>\t\t\t\t<\/div>\n\t\t\t\t<\/div>\n\t\t\t\t<div class=\"elementor-element elementor-element-d21183e elementor-widget elementor-widget-text-editor\" data-id=\"d21183e\" data-element_type=\"widget\" data-widget_type=\"text-editor.default\">\n\t\t\t\t<div class=\"elementor-widget-container\">\n\t\t\t\t\t\t\t\t\t<p>The idea for I AM VALUABLE was born out of my deep concern for the safety and dignity of children. For several years, I helped lead the A21 Walk for Freedom in Zurich, Switzerland, raising awareness about human trafficking both locally and globally. When the COVID-19 pandemic hit, and everything came to a halt, I found myself reflecting on my personal role in this mission to end modern-day slavery. With two young daughters at home and a growing awareness of the alarming rates of sexual abuse in Switzerland \u2014 especially the increase in domestic cases during lockdowns \u2014 my heart turned toward prevention. I wanted to empower children by helping them understand that their bodies belong to them, that their private parts are private, and what a safe adult looks like. This book is my contribution to the fight for freedom \u2014 starting with protecting the youngest among us.<\/p><p>Die moderne Sklaverei scheint ein nicht enden wollendes schwarzes Loch zu sein, und der Gedanke, dass man etwas bewirken und dieses schwarze Loch verkleinern kann, scheint ein weitreichendes Ziel zu sein. Aber wir verstehen und haben gesehen, dass wir, wenn wir alle unseren Teil dazu beitragen, einen gewaltigen Unterschied bei der Rettung von Tausenden von M\u00e4nnern, Frauen und Kindern im 21. UND wir wissen, dass Gott, wenn er uns ruft, uns den Weg weisen wird, damit wir ihn gehen k\u00f6nnen. Er ist der Vater, der mehr liebt, geduldiger ist, tiefer versteht, mehr Macht hat und unendlich viel pr\u00e4senter ist als jeder andere, mit dem wir uns jemals verbinden k\u00f6nnten.<\/p><p><span style=\"font-style: inherit; font-family: var( --e-global-typography-text-font-family ), Sans-serif;\">I Am Valuable\" ist einer der vielen Schritte, um die n\u00e4chsten zwei Generationen zu erreichen und sie in ihrer wahren Identit\u00e4t zu erziehen; sie mit Werkzeugen auszustatten, mit denen sie sich nach besten Kr\u00e4ften sch\u00fctzen k\u00f6nnen, und ihnen das Wissen zu vermitteln, wie sie reagieren k\u00f6nnen, wenn sie sexuell ausgebeutet worden sind.<\/span><\/p>\t\t\t\t\t\t\t\t<\/div>\n\t\t\t\t<\/div>\n\t\t\t\t<div class=\"elementor-element elementor-element-9bc8ac9 elementor-widget elementor-widget-spacer\" data-id=\"9bc8ac9\" data-element_type=\"widget\" data-widget_type=\"spacer.default\">\n\t\t\t\t<div class=\"elementor-widget-container\">\n\t\t\t\t\t\t\t<div class=\"elementor-spacer\">\n\t\t\t<div class=\"elementor-spacer-inner\"><\/div>\n\t\t<\/div>\n\t\t\t\t\t\t<\/div>\n\t\t\t\t<\/div>\n\t\t\t\t\t<\/div>\n\t\t<\/div>\n\t\t\t\t\t<\/div>\n\t\t<\/section>\n\t\t\t\t<section class=\"elementor-section elementor-top-section elementor-element elementor-element-9b53132 elementor-section-full_width elementor-section-height-default elementor-section-height-default\" data-id=\"9b53132\" data-element_type=\"section\">\n\t\t\t\t\t\t<div class=\"elementor-container elementor-column-gap-default\">\n\t\t\t\t\t<div class=\"elementor-column elementor-col-100 elementor-top-column elementor-element elementor-element-2ce0d38\" data-id=\"2ce0d38\" data-element_type=\"column\">\n\t\t\t<div class=\"elementor-widget-wrap elementor-element-populated\">\n\t\t\t\t\t\t<div class=\"elementor-element elementor-element-7241282 elementor-skin-carousel elementor-arrows-yes elementor-pagination-type-bullets elementor-pagination-position-outside elementor-widget elementor-widget-media-carousel\" data-id=\"7241282\" data-element_type=\"widget\" data-settings=\"{&quot;space_between&quot;:{&quot;unit&quot;:&quot;px&quot;,&quot;size&quot;:0,&quot;sizes&quot;:[]},&quot;skin&quot;:&quot;carousel&quot;,&quot;effect&quot;:&quot;slide&quot;,&quot;show_arrows&quot;:&quot;yes&quot;,&quot;pagination&quot;:&quot;bullets&quot;,&quot;speed&quot;:500,&quot;autoplay&quot;:&quot;yes&quot;,&quot;autoplay_speed&quot;:5000,&quot;loop&quot;:&quot;yes&quot;,&quot;pause_on_hover&quot;:&quot;yes&quot;,&quot;pause_on_interaction&quot;:&quot;yes&quot;,&quot;space_between_tablet&quot;:{&quot;unit&quot;:&quot;px&quot;,&quot;size&quot;:10,&quot;sizes&quot;:[]},&quot;space_between_mobile&quot;:{&quot;unit&quot;:&quot;px&quot;,&quot;size&quot;:10,&quot;sizes&quot;:[]}}\" data-widget_type=\"media-carousel.default\">\n\t\t\t\t<div class=\"elementor-widget-container\">\n\t\t\t\t\t\t\t\t\t<div class=\"elementor-swiper\">\n\t\t\t\t\t<div class=\"elementor-main-swiper swiper\" role=\"region\" aria-roledescription=\"carousel\" aria-label=\"Slides\">\n\t\t\t\t<div class=\"swiper-wrapper\">\n\t\t\t\t\t\t\t\t\t\t\t<div class=\"swiper-slide\" role=\"group\" aria-roledescription=\"slide\">\n\t\t\t\t\t\t\t\t\t<div class=\"elementor-carousel-image\" role=\"img\" aria-label=\"83FAC635-4EA2-413B-884A-D7B97B5CC62C_4_5005_c\" style=\"background-image: url(&#039;https:\/\/iamvaluablebook.com\/wp-content\/smush-webp\/2024\/10\/83FAC635-4EA2-413B-884A-D7B97B5CC62C_4_5005_c.jpeg.webp&#039;)\">\n\n\t\t\t\n\t\t\t\t\t<\/div>\n\t\t\t\t\t\t\t\t<\/div>\n\t\t\t\t\t\t\t\t\t\t\t<div class=\"swiper-slide\" role=\"group\" aria-roledescription=\"slide\">\n\t\t\t\t\t\t\t\t\t<div class=\"elementor-carousel-image\" role=\"img\" aria-label=\"CCDE7BB2-6FDF-4CB6-80B5-59B0C76F04E0_1_105_c\" style=\"background-image: url(&#039;https:\/\/iamvaluablebook.com\/wp-content\/smush-webp\/2025\/01\/CCDE7BB2-6FDF-4CB6-80B5-59B0C76F04E0_1_105_c.jpeg.webp&#039;)\">\n\n\t\t\t\n\t\t\t\t\t<\/div>\n\t\t\t\t\t\t\t\t<\/div>\n\t\t\t\t\t\t\t\t\t\t\t<div class=\"swiper-slide\" role=\"group\" aria-roledescription=\"slide\">\n\t\t\t\t\t\t\t\t\t<div class=\"elementor-carousel-image\" role=\"img\" aria-label=\"IMG_5088\" style=\"background-image: url(&#039;https:\/\/iamvaluablebook.com\/wp-content\/smush-webp\/2024\/01\/IMG_5088-scaled-e1705309526807.jpg.webp&#039;)\">\n\n\t\t\t\n\t\t\t\t\t<\/div>\n\t\t\t\t\t\t\t\t<\/div>\n\t\t\t\t\t\t\t\t\t\t\t<div class=\"swiper-slide\" role=\"group\" aria-roledescription=\"slide\">\n\t\t\t\t\t\t\t\t\t<div class=\"elementor-carousel-image\" role=\"img\" aria-label=\"45302C34-7368-428F-B94C-7433C8361B49_1_105_c\" style=\"background-image: url(&#039;https:\/\/iamvaluablebook.com\/wp-content\/smush-webp\/2023\/02\/45302C34-7368-428F-B94C-7433C8361B49_1_105_c.jpeg.webp&#039;)\">\n\n\t\t\t\n\t\t\t\t\t<\/div>\n\t\t\t\t\t\t\t\t<\/div>\n\t\t\t\t\t\t\t\t\t\t\t<div class=\"swiper-slide\" role=\"group\" aria-roledescription=\"slide\">\n\t\t\t\t\t\t\t\t\t<div class=\"elementor-carousel-image\" role=\"img\" aria-label=\"IMG_8231\" style=\"background-image: url(&#039;https:\/\/iamvaluablebook.com\/wp-content\/smush-webp\/2023\/01\/IMG_8231-scaled.jpeg.webp&#039;)\">\n\n\t\t\t\n\t\t\t\t\t<\/div>\n\t\t\t\t\t\t\t\t<\/div>\n\t\t\t\t\t\t\t\t\t\t\t<div class=\"swiper-slide\" role=\"group\" aria-roledescription=\"slide\">\n\t\t\t\t\t\t\t\t\t<div class=\"elementor-carousel-image\" role=\"img\" aria-label=\"IMG_2988\" style=\"background-image: url(&#039;https:\/\/iamvaluablebook.com\/wp-content\/smush-webp\/2023\/01\/IMG_2988.jpeg.webp&#039;)\">\n\n\t\t\t\n\t\t\t\t\t<\/div>\n\t\t\t\t\t\t\t\t<\/div>\n\t\t\t\t\t\t\t\t\t\t\t<div class=\"swiper-slide\" role=\"group\" aria-roledescription=\"slide\">\n\t\t\t\t\t\t\t\t\t<div class=\"elementor-carousel-image\" role=\"img\" aria-label=\"IMG_5084\" style=\"background-image: url(&#039;https:\/\/iamvaluablebook.com\/wp-content\/smush-webp\/2024\/01\/IMG_5084-scaled-e1705309410701.jpg.webp&#039;)\">\n\n\t\t\t\n\t\t\t\t\t<\/div>\n\t\t\t\t\t\t\t\t<\/div>\n\t\t\t\t\t\t\t\t\t\t\t<div class=\"swiper-slide\" role=\"group\" aria-roledescription=\"slide\">\n\t\t\t\t\t\t\t\t\t<div class=\"elementor-carousel-image\" role=\"img\" aria-label=\"IMG_0984\" style=\"background-image: url(&#039;https:\/\/iamvaluablebook.com\/wp-content\/smush-webp\/2024\/03\/IMG_0984-scaled.jpeg.webp&#039;)\">\n\n\t\t\t\n\t\t\t\t\t<\/div>\n\t\t\t\t\t\t\t\t<\/div>\n\t\t\t\t\t\t\t\t\t\t\t<div class=\"swiper-slide\" role=\"group\" aria-roledescription=\"slide\">\n\t\t\t\t\t\t\t\t\t<div class=\"elementor-carousel-image\" role=\"img\" aria-label=\"IMG_2987\" style=\"background-image: url(&#039;https:\/\/iamvaluablebook.com\/wp-content\/smush-webp\/2023\/01\/IMG_2987.jpeg.webp&#039;)\">\n\n\t\t\t\n\t\t\t\t\t<\/div>\n\t\t\t\t\t\t\t\t<\/div>\n\t\t\t\t\t\t\t\t\t<\/div>\n\t\t\t\t\t\t\t\t\t\t\t\t\t\t\t<div class=\"elementor-swiper-button elementor-swiper-button-prev\" role=\"button\" tabindex=\"0\" aria-label=\"Voriger\">\n\t\t\t\t\t\t\t<i aria-hidden=\"true\" class=\"eicon-chevron-left\"><\/i>\t\t\t\t\t\t<\/div>\n\t\t\t\t\t\t<div class=\"elementor-swiper-button elementor-swiper-button-next\" role=\"button\" tabindex=\"0\" aria-label=\"N\u00e4chster\">\n\t\t\t\t\t\t\t<i aria-hidden=\"true\" class=\"eicon-chevron-right\"><\/i>\t\t\t\t\t\t<\/div>\n\t\t\t\t\t\t\t\t\t\t\t\t\t\t\t\t<div class=\"swiper-pagination\"><\/div>\n\t\t\t\t\t\t\t\t\t\t\t\t<\/div>\n\t\t\t\t<\/div>\n\t\t\t\t\t\t\t\t<\/div>\n\t\t\t\t<\/div>\n\t\t\t\t\t<\/div>\n\t\t<\/div>\n\t\t\t\t\t<\/div>\n\t\t<\/section>\n\t\t\t\t<section class=\"elementor-section elementor-top-section elementor-element elementor-element-c2a9b94 elementor-section-stretched elementor-section-boxed elementor-section-height-default elementor-section-height-default\" data-id=\"c2a9b94\" data-element_type=\"section\" data-settings=\"{&quot;background_background&quot;:&quot;gradient&quot;,&quot;stretch_section&quot;:&quot;section-stretched&quot;}\">\n\t\t\t\t\t\t<div class=\"elementor-container elementor-column-gap-default\">\n\t\t\t\t\t<div class=\"elementor-column elementor-col-50 elementor-top-column elementor-element elementor-element-34badb5\" data-id=\"34badb5\" data-element_type=\"column\">\n\t\t\t<div class=\"elementor-widget-wrap elementor-element-populated\">\n\t\t\t\t\t\t<div class=\"elementor-element elementor-element-03b63b1 elementor-widget elementor-widget-heading\" data-id=\"03b63b1\" data-element_type=\"widget\" data-widget_type=\"heading.default\">\n\t\t\t\t<div class=\"elementor-widget-container\">\n\t\t\t\t\t<h2 class=\"elementor-heading-title elementor-size-default\">Lerne Tanja kennen<\/h2>\t\t\t\t<\/div>\n\t\t\t\t<\/div>\n\t\t\t\t<div class=\"elementor-element elementor-element-a7498a1 elementor-widget elementor-widget-text-editor\" data-id=\"a7498a1\" data-element_type=\"widget\" data-widget_type=\"text-editor.default\">\n\t\t\t\t<div class=\"elementor-widget-container\">\n\t\t\t\t\t\t\t\t\t<p>Tanja is a wife, mother, author and speaker. As a mother of two Tanja is passionate about seeing the next generation take a hold of their true identity by understanding the concept of honor and respect towards themselves and others.\u00a0\u00a0<\/p><p>Tanja setzt sich in den USA und in der Schweiz seit Jahren aktiv f\u00fcr die Beendigung des Menschenhandels ein. \u00a0<\/p><p>Als Autorin des Buches \"Ich bin wertvoll\", Mitbegr\u00fcnderin von Ignite Europe und REACH International unterst\u00fctzt Tanja leidenschaftlich diejenigen, die an den schwierigsten und zerr\u00fctteten Orten etwas bewirken.\u00a0<\/p><p>Da sie selbst Witwe war, sind ihre Botschaften vom Leben, vom Sinn und vom Sieg inmitten von Widrigkeiten ermutigend und bringen eine ganze Generation dazu, die Verlorenen und Zerbrochenen zu erreichen.<\/p>\t\t\t\t\t\t\t\t<\/div>\n\t\t\t\t<\/div>\n\t\t\t\t<div class=\"elementor-element elementor-element-72e291e elementor-hidden-mobile elementor-widget elementor-widget-spacer\" data-id=\"72e291e\" data-element_type=\"widget\" data-widget_type=\"spacer.default\">\n\t\t\t\t<div class=\"elementor-widget-container\">\n\t\t\t\t\t\t\t<div class=\"elementor-spacer\">\n\t\t\t<div class=\"elementor-spacer-inner\"><\/div>\n\t\t<\/div>\n\t\t\t\t\t\t<\/div>\n\t\t\t\t<\/div>\n\t\t\t\t\t<\/div>\n\t\t<\/div>\n\t\t\t\t<div class=\"elementor-column elementor-col-50 elementor-top-column elementor-element elementor-element-29db878\" data-id=\"29db878\" data-element_type=\"column\">\n\t\t\t<div class=\"elementor-widget-wrap elementor-element-populated\">\n\t\t\t\t\t\t<div class=\"elementor-element elementor-element-ca09c24 e-transform elementor-widget elementor-widget-image\" data-id=\"ca09c24\" data-element_type=\"widget\" data-settings=\"{&quot;_transform_translateY_effect&quot;:{&quot;unit&quot;:&quot;px&quot;,&quot;size&quot;:56,&quot;sizes&quot;:[]},&quot;_transform_translateX_effect&quot;:{&quot;unit&quot;:&quot;px&quot;,&quot;size&quot;:&quot;&quot;,&quot;sizes&quot;:[]},&quot;_transform_translateX_effect_tablet&quot;:{&quot;unit&quot;:&quot;px&quot;,&quot;size&quot;:&quot;&quot;,&quot;sizes&quot;:[]},&quot;_transform_translateX_effect_mobile&quot;:{&quot;unit&quot;:&quot;px&quot;,&quot;size&quot;:&quot;&quot;,&quot;sizes&quot;:[]},&quot;_transform_translateY_effect_tablet&quot;:{&quot;unit&quot;:&quot;px&quot;,&quot;size&quot;:&quot;&quot;,&quot;sizes&quot;:[]},&quot;_transform_translateY_effect_mobile&quot;:{&quot;unit&quot;:&quot;px&quot;,&quot;size&quot;:&quot;&quot;,&quot;sizes&quot;:[]}}\" data-widget_type=\"image.default\">\n\t\t\t\t<div class=\"elementor-widget-container\">\n\t\t\t\t\t\t\t\t\t\t\t\t\t\t\t<img fetchpriority=\"high\" decoding=\"async\" width=\"298\" height=\"300\" src=\"https:\/\/iamvaluablebook.com\/wp-content\/smush-webp\/2022\/12\/media-result-20221212-c8452eb1-d10f-4652-85a7-9d90ead56682-e1670840464913-298x300.png.webp\" class=\"attachment-medium size-medium wp-image-191\" alt=\"\" srcset=\"https:\/\/iamvaluablebook.com\/wp-content\/smush-webp\/2022\/12\/media-result-20221212-c8452eb1-d10f-4652-85a7-9d90ead56682-e1670840464913-298x300.png.webp 298w, https:\/\/iamvaluablebook.com\/wp-content\/smush-webp\/2022\/12\/media-result-20221212-c8452eb1-d10f-4652-85a7-9d90ead56682-e1670840464913-150x150.png.webp 150w, https:\/\/iamvaluablebook.com\/wp-content\/smush-webp\/2022\/12\/media-result-20221212-c8452eb1-d10f-4652-85a7-9d90ead56682-e1670840464913.png.webp 424w\" sizes=\"(max-width: 298px) 100vw, 298px\" \/>\t\t\t\t\t\t\t\t\t\t\t\t\t\t\t<\/div>\n\t\t\t\t<\/div>\n\t\t\t\t<div class=\"elementor-element elementor-element-6c6b9ff elementor-widget elementor-widget-spacer\" data-id=\"6c6b9ff\" data-element_type=\"widget\" data-widget_type=\"spacer.default\">\n\t\t\t\t<div class=\"elementor-widget-container\">\n\t\t\t\t\t\t\t<div class=\"elementor-spacer\">\n\t\t\t<div class=\"elementor-spacer-inner\"><\/div>\n\t\t<\/div>\n\t\t\t\t\t\t<\/div>\n\t\t\t\t<\/div>\n\t\t\t\t\t<\/div>\n\t\t<\/div>\n\t\t\t\t\t<\/div>\n\t\t<\/section>\n\t\t\t\t<\/div>","protected":false},"excerpt":{"rendered":"<p>A Word from the Author The idea for I AM VALUABLE was born out of my deep concern for the safety and dignity of children. For several years, I helped [&hellip;]<\/p>","protected":false},"author":1,"featured_media":0,"parent":0,"menu_order":0,"comment_status":"closed","ping_status":"closed","template":"","meta":{"_uag_custom_page_level_css":"","site-sidebar-layout":"default","site-content-layout":"","ast-site-content-layout":"","site-content-style":"default","site-sidebar-style":"default","ast-global-header-display":"","ast-banner-title-visibility":"","ast-main-header-display":"","ast-hfb-above-header-display":"","ast-hfb-below-header-display":"","ast-hfb-mobile-header-display":"","site-post-title":"disabled","ast-breadcrumbs-content":"","ast-featured-img":"","footer-sml-layout":"","theme-transparent-header-meta":"","adv-header-id-meta":null,"stick-header-meta":null,"header-above-stick-meta":null,"header-main-stick-meta":null,"header-below-stick-meta":null,"astra-migrate-meta-layouts":"default","ast-page-background-enabled":"default","ast-page-background-meta":{"desktop":{"background-color":"var(--ast-global-color-4)","background-image":"","background-repeat":"repeat","background-position":"center center","background-size":"auto","background-attachment":"scroll","background-type":"","background-media":"","overlay-type":"","overlay-color":"","overlay-opacity":"","overlay-gradient":""},"tablet":{"background-color":"","background-image":"","background-repeat":"repeat","background-position":"center center","background-size":"auto","background-attachment":"scroll","background-type":"","background-media":"","overlay-type":"","overlay-color":"","overlay-opacity":"","overlay-gradient":""},"mobile":{"background-color":"","background-image":"","background-repeat":"repeat","background-position":"center center","background-size":"auto","background-attachment":"scroll","background-type":"","background-media":"","overlay-type":"","overlay-color":"","overlay-opacity":"","overlay-gradient":""}},"ast-content-background-meta":{"desktop":{"background-color":"var(--ast-global-color-5)","background-image":"","background-repeat":"repeat","background-position":"center center","background-size":"auto","background-attachment":"scroll","background-type":"","background-media":"","overlay-type":"","overlay-color":"","overlay-opacity":"","overlay-gradient":""},"tablet":{"background-color":"var(--ast-global-color-5)","background-image":"","background-repeat":"repeat","background-position":"center center","background-size":"auto","background-attachment":"scroll","background-type":"","background-media":"","overlay-type":"","overlay-color":"","overlay-opacity":"","overlay-gradient":""},"mobile":{"background-color":"var(--ast-global-color-5)","background-image":"","background-repeat":"repeat","background-position":"center center","background-size":"auto","background-attachment":"scroll","background-type":"","background-media":"","overlay-type":"","overlay-color":"","overlay-opacity":"","overlay-gradient":""}},"footnotes":""},"class_list":["post-235","page","type-page","status-publish","hentry"],"uagb_featured_image_src":{"full":false,"thumbnail":false,"medium":false,"medium_large":false,"large":false,"1536x1536":false,"2048x2048":false,"trp-custom-language-flag":false},"uagb_author_info":{"display_name":"admin","author_link":"https:\/\/iamvaluablebook.com\/de\/author\/admin\/"},"uagb_comment_info":0,"uagb_excerpt":"A Word from the Author The idea for I AM VALUABLE was born out of my deep concern for the safety and dignity of children. For several years, I helped [&hellip;]","_links":{"self":[{"href":"https:\/\/iamvaluablebook.com\/de\/wp-json\/wp\/v2\/pages\/235","targetHints":{"allow":["GET"]}}],"collection":[{"href":"https:\/\/iamvaluablebook.com\/de\/wp-json\/wp\/v2\/pages"}],"about":[{"href":"https:\/\/iamvaluablebook.com\/de\/wp-json\/wp\/v2\/types\/page"}],"author":[{"embeddable":true,"href":"https:\/\/iamvaluablebook.com\/de\/wp-json\/wp\/v2\/users\/1"}],"replies":[{"embeddable":true,"href":"https:\/\/iamvaluablebook.com\/de\/wp-json\/wp\/v2\/comments?post=235"}],"version-history":[{"count":4,"href":"https:\/\/iamvaluablebook.com\/de\/wp-json\/wp\/v2\/pages\/235\/revisions"}],"predecessor-version":[{"id":1624,"href":"https:\/\/iamvaluablebook.com\/de\/wp-json\/wp\/v2\/pages\/235\/revisions\/1624"}],"wp:attachment":[{"href":"https:\/\/iamvaluablebook.com\/de\/wp-json\/wp\/v2\/media?parent=235"}],"curies":[{"name":"wp","href":"https:\/\/api.w.org\/{rel}","templated":true}]}}